{"id":1912,"date":"2025-05-07T17:26:04","date_gmt":"2025-05-07T14:26:04","guid":{"rendered":"https:\/\/kokteiliubaras.eu\/?page_id=1912"},"modified":"2025-05-20T09:58:13","modified_gmt":"2025-05-20T06:58:13","slug":"kokteiliu-baras-imoniu-renginiams","status":"publish","type":"page","link":"https:\/\/kokteiliubaras.eu\/en\/kokteiliu-baras-imoniu-renginiams\/","title":{"rendered":"Kokteili\u0173 baras \u012fmoni\u0173 renginiams"},"content":{"rendered":"","protected":false},"excerpt":{"rendered":"","protected":false},"author":6,"featured_media":0,"parent":0,"menu_order":0,"comment_status":"closed","ping_status":"closed","template":"","meta":{"_acf_changed":false,"footnotes":""},"class_list":["post-1912","page","type-page","status-publish","hentry"],"acf":[],"_links":{"self":[{"href":"https:\/\/kokteiliubaras.eu\/en\/wp-json\/wp\/v2\/pages\/1912","targetHints":{"allow":["GET"]}}],"collection":[{"href":"https:\/\/kokteiliubaras.eu\/en\/wp-json\/wp\/v2\/pages"}],"about":[{"href":"https:\/\/kokteiliubaras.eu\/en\/wp-json\/wp\/v2\/types\/page"}],"author":[{"embeddable":true,"href":"https:\/\/kokteiliubaras.eu\/en\/wp-json\/wp\/v2\/users\/6"}],"replies":[{"embeddable":true,"href":"https:\/\/kokteiliubaras.eu\/en\/wp-json\/wp\/v2\/comments?post=1912"}],"version-history":[{"count":6,"href":"https:\/\/kokteiliubaras.eu\/en\/wp-json\/wp\/v2\/pages\/1912\/revisions"}],"predecessor-version":[{"id":1983,"href":"https:\/\/kokteiliubaras.eu\/en\/wp-json\/wp\/v2\/pages\/1912\/revisions\/1983"}],"wp:attachment":[{"href":"https:\/\/kokteiliubaras.eu\/en\/wp-json\/wp\/v2\/media?parent=1912"}],"curies":[{"name":"wp","href":"https:\/\/api.w.org\/{rel}","templated":true}]}}